{"id":3,"date":"2025-09-30T18:05:51","date_gmt":"2025-09-30T18:05:51","guid":{"rendered":"https:\/\/kod-it.hr\/?page_id=3"},"modified":"2026-02-19T20:35:57","modified_gmt":"2026-02-19T19:35:57","slug":"politika-privatnosti","status":"publish","type":"page","link":"https:\/\/kod-it.hr\/en\/politika-privatnosti\/","title":{"rendered":"Politika privatnosti"},"content":{"rendered":"<div data-elementor-type=\"wp-page\" data-elementor-id=\"3\" class=\"elementor elementor-3\">\n\t\t\t\t<div class=\"elementor-element elementor-element-6a91c45d e-con-full e-flex e-con e-parent\" data-id=\"6a91c45d\" data-element_type=\"container\" data-e-type=\"container\" data-settings=\"{&quot;background_background&quot;:&quot;classic&quot;}\">\n\t\t\t\t<div class=\"elementor-element elementor-element-79c49994 elementor-widget elementor-widget-text-editor\" data-id=\"79c49994\" data-element_type=\"widget\" data-e-type=\"widget\" data-widget_type=\"text-editor.default\">\n\t\t\t\t\t\t\t\t\t<h2>Company information<\/h2>\n<p><b data-path-to-node=\"5\" data-index-in-node=\"43\">Puni naziv tvrtke:<\/b><\/p>\n<p><b data-path-to-node=\"5\" data-index-in-node=\"43\">KOD-IT<\/b>, obrt za ra\u010dunalno programiranje i ostale usluge, vl. Tomislav Kodrnja, Zagreb, Ulica Karela Zahradnika 15<\/p>\n<p>\u00a0<\/p>\n<p><strong>Mati\u010dni broj obrta:<\/strong><\/p>\n<p>99153866<\/p>\n<p>\u00a0<\/p>\n<p><strong>Upravno tijelo kod kojeg je obrt upisan u obrtni registar:<\/strong><\/p>\n<p>GRADSKI URED ZA GOSPODARSTVO, EKOLO\u0160KU ODR\u017dIVOST I STRATEGIJSKO PLANIRANJE, SEKTOR ZA GOSPODARSTVO, PODUZETNI\u0160TVO, TURIZAM I INVESTICIJE, ODJEL ZA GOSPODARSKE DJELATNOSTI I RAD ZAGREB (ZAGREB)<\/p>\n<p><!-- \/wp:paragraph --><!-- wp:heading --><\/p>\n<p><!-- \/wp:paragraph --><\/p>\t\t\t\t\t\t\t\t<\/div>\n\t\t\t\t<div class=\"elementor-element elementor-element-3a91b00 elementor-widget elementor-widget-text-editor\" data-id=\"3a91b00\" data-element_type=\"widget\" data-e-type=\"widget\" data-widget_type=\"text-editor.default\">\n\t\t\t\t\t\t\t\t\t<p>\u00a0<\/p><p><!-- \/wp:paragraph --><!-- wp:heading --><\/p><h2>The data we collect<\/h2><p><!-- \/wp:heading --><!-- wp:paragraph --><\/p><p data-path-to-node=\"7\">We collect only the data necessary for business communication or the functionality of the website:<\/p><ul data-path-to-node=\"8\"><li><p data-path-to-node=\"8,0,0\"><b data-path-to-node=\"8,0,0\" data-index-in-node=\"0\">Contact data:<\/b> Your first name, surname, email address and telephone number that you voluntarily provide to us via the contact form or by email.<\/p><\/li><li><p data-path-to-node=\"8,1,0\"><b data-path-to-node=\"8,1,0\" data-index-in-node=\"0\">Technical data:<\/b> IP address, browser type and operating system, collected automatically via server logs to ensure the stability and security of the system.<\/p><\/li><\/ul><p><!-- \/wp:paragraph --><!-- wp:paragraph --><\/p><h2 data-path-to-node=\"9\">Purpose and legal basis of processing<\/h2><p data-path-to-node=\"10\">We process your data exclusively for the following purposes:<\/p><ul data-path-to-node=\"11\"><li><p data-path-to-node=\"11,0,0\">Responding to your enquiries and providing information about our web and desktop application development services.<\/p><\/li><li><p data-path-to-node=\"11,1,0\">Preparation of tenders and fulfilment of contractual obligations.<\/p><\/li><li><p data-path-to-node=\"11,2,0\">Ensuring the technical integrity and protection of the website against malicious activities.<\/p><\/li><\/ul><p><!-- \/wp:paragraph --><!-- wp:heading --><\/p><h2 data-path-to-node=\"12\">Data security<\/h2><p data-path-to-node=\"3\">We implement appropriate technical and organisational security measures to ensure a level of security appropriate to the risk:<\/p><ul data-path-to-node=\"4\"><li><p data-path-to-node=\"4,0,0\">All communication between your browser and the server is protected via <b data-path-to-node=\"4,0,0\" data-index-in-node=\"70\">SSL (HTTPS) encription<\/b>.<\/p><\/li><li><p data-path-to-node=\"4,1,0\">Access to personal data is strictly limited and is only permitted for the purpose of fulfilling the stated obligations.<\/p><\/li><\/ul><p><!-- \/wp:paragraph --><!-- wp:paragraph --><\/p><h2>Va\u0161a prava<\/h2><p>Although we do not store any personal data on our website, you have the right:<\/p><ul><li>Request the deletion of any email correspondence you have had with us.<\/li><li>Pitati koje informacije smo primili od Vas putem kontakt obrasca<\/li><li>Unsubscribe from further communication with us<\/li><li>Right to lodge a complaint with the competent data protection authority<\/li><\/ul><p>Uz pravo na brisanje korespondencije, imate pravo na uvid u podatke prikupljene putem analiti\u010dkih alata, pravo na povla\u010denje privole za kola\u010di\u0107e u bilo kojem trenutku, te pravo na prenosivost podataka u skladu s Op\u0107om uredbom o za\u0161titi podataka (GDPR).<\/p><h2 data-path-to-node=\"21\">Cookies<\/h2><p data-path-to-node=\"4\">Na\u0161a web stranica koristi kola\u010di\u0107e kako bismo osigurali najbolje korisni\u010dko iskustvo, analizirali promet i osigurali sigurnost sustava. Koristimo sljede\u0107e kategorije kola\u010di\u0107a:<\/p><ul data-path-to-node=\"5\"><li><p data-path-to-node=\"5,0,0\"><b data-path-to-node=\"5,0,0\" data-index-in-node=\"0\">Nu\u017eni kola\u010di\u0107i (Necessary):<\/b> Neophodni su za osnovno funkcioniranje stranice, uklju\u010duju\u0107i sigurnosnu HTTPS enkripciju i pam\u0107enje va\u0161ih postavki privole. Za ove kola\u010di\u0107e nije potrebna privola.<\/p><\/li><li><p data-path-to-node=\"5,1,0\"><b data-path-to-node=\"5,1,0\" data-index-in-node=\"0\">Analiti\u010dki kola\u010di\u0107i (Analytics):<\/b> Koristimo <b data-path-to-node=\"5,1,0\" data-index-in-node=\"43\">Google Analytics 4<\/b> za prikupljanje anonimnih informacija o broju posjetitelja, izvorima prometa i na\u010dinu kori\u0161tenja stranice. Ovi kola\u010di\u0107i se aktiviraju isklju\u010divo uz va\u0161u privolu putem <b data-path-to-node=\"5,1,0\" data-index-in-node=\"229\">CookieYes<\/b> alata.<\/p><\/li><li><p data-path-to-node=\"5,2,0\"><b data-path-to-node=\"5,2,0\" data-index-in-node=\"0\">Kola\u010di\u0107i izvedbe (Performance):<\/b> Poma\u017eu nam pratiti brzinu rada stranice i tehni\u010dke indekse kako bismo osigurali besprijekoran rad na svim ure\u0111ajima.<\/p><\/li><\/ul><p data-path-to-node=\"6\">Svojim postavkama kola\u010di\u0107a mo\u017eete upravljati u bilo kojem trenutku putem poveznice u kutu ekrana.<\/p><h2 data-path-to-node=\"22\">Contact<\/h2><p>E-mail: <b data-path-to-node=\"5\" data-index-in-node=\"87\">info@kod-it.hr<\/b>\u00a0<br \/><span style=\"font-family: inherit; font-size: inherit; font-style: inherit; font-variant-ligatures: inherit; font-variant-caps: inherit; font-weight: inherit; background-color: inherit;\">Mob: <\/span><b style=\"font-family: inherit; font-size: inherit; font-style: inherit; font-variant-ligatures: inherit; font-variant-caps: inherit; background-color: inherit;\" data-path-to-node=\"5\" data-index-in-node=\"107\">(+385) 98 961 4841<\/b><\/p><p><!-- \/wp:paragraph --><\/p>\t\t\t\t\t\t\t\t<\/div>\n\t\t\t\t<\/div>\n\t\t\t\t<\/div>","protected":false},"excerpt":{"rendered":"<p>Informacije o tvrtki Puni naziv tvrtke: KOD-IT, obrt za ra\u010dunalno programiranje i ostale usluge, vl. Tomislav Kodrnja, Zagreb, Ulica Karela Zahradnika 15 \u00a0 Mati\u010dni broj obrta: 99153866 \u00a0 Upravno tijelo kod kojeg je obrt upisan u obrtni registar: GRADSKI URED ZA GOSPODARSTVO, EKOLO\u0160KU ODR\u017dIVOST I STRATEGIJSKO PLANIRANJE, SEKTOR ZA GOSPODARSTVO, PODUZETNI\u0160TVO, TURIZAM I INVESTICIJE, ODJEL [&hellip;]<\/p>\n","protected":false},"author":3,"featured_media":0,"parent":0,"menu_order":0,"comment_status":"closed","ping_status":"closed","template":"","meta":{"footnotes":""},"class_list":["post-3","page","type-page","status-publish","hentry"],"blocksy_meta":[],"_links":{"self":[{"href":"https:\/\/kod-it.hr\/en\/wp-json\/wp\/v2\/pages\/3","targetHints":{"allow":["GET"]}}],"collection":[{"href":"https:\/\/kod-it.hr\/en\/wp-json\/wp\/v2\/pages"}],"about":[{"href":"https:\/\/kod-it.hr\/en\/wp-json\/wp\/v2\/types\/page"}],"author":[{"embeddable":true,"href":"https:\/\/kod-it.hr\/en\/wp-json\/wp\/v2\/users\/3"}],"replies":[{"embeddable":true,"href":"https:\/\/kod-it.hr\/en\/wp-json\/wp\/v2\/comments?post=3"}],"version-history":[{"count":20,"href":"https:\/\/kod-it.hr\/en\/wp-json\/wp\/v2\/pages\/3\/revisions"}],"predecessor-version":[{"id":3106,"href":"https:\/\/kod-it.hr\/en\/wp-json\/wp\/v2\/pages\/3\/revisions\/3106"}],"wp:attachment":[{"href":"https:\/\/kod-it.hr\/en\/wp-json\/wp\/v2\/media?parent=3"}],"curies":[{"name":"wp","href":"https:\/\/api.w.org\/{rel}","templated":true}]}}